{"id":260,"date":"2016-11-15T22:58:47","date_gmt":"2016-11-15T21:58:47","guid":{"rendered":"http:\/\/www.wildgall.it\/de\/?page_id=260"},"modified":"2016-11-21T23:05:50","modified_gmt":"2016-11-21T22:05:50","slug":"premium-holidaypass-antholzertal","status":"publish","type":"page","link":"https:\/\/www.wildgall.it\/de\/premium-holidaypass-antholzertal\/","title":{"rendered":"Premium Holidaypass &#8211; Antholzertal"},"content":{"rendered":"<p>Der\u00a0Premium HOLIDAYPASS\u00a0steht nach dem Einchecken in der Unterkunft allen Ferieng\u00e4sten jener Beherbergungsbetriebe zu, die\u00a0Mitglied im Tourismusverein Antholzertal\u00a0sind, und berechtigt zur Nutzung der\u00a0gesamten \u00f6ffentlichen Mobilit\u00e4t in S\u00fcdtirol(Linienbusse, Regionalz\u00fcge und Landes-Seilbahnen)\u00a0inklusive folgender Leistungen und Erm\u00e4\u00dfigungen:<\/p>\n<h2>WINTER<\/h2>\n<h3>INKLUSIVLEISTUNGEN<\/h3>\n<ul>\n<li>Ben\u00fctzung der \u00f6ffentlichen Verkehrsmittel in S\u00fcdtriol, sowie des Skibusdienstes im Antholzertal<\/li>\n<li>Laternenwanderung\/Fackelwanderung<\/li>\n<li>Lattlschie\u00dfen am Fischerteich in Antholz Niedertal<\/li>\n<li>Internetzugang &#8211; hot spot in Niederrasen, Oberrasen, Antholz Niedertal, Antholz Mittertal<\/li>\n<li>Pferdekutschenfahrten (Weihnachten bis Ende M\u00e4rz)<\/li>\n<li>Schnupper am Riepenlift f\u00fcr Kinder<\/li>\n<li>Langlaufschnupperkurs im Biathlonzentrum Antholz<\/li>\n<\/ul>\n<h3>ERM\u00c4SSIGUNGEN<\/h3>\n<ul>\n<li>abendliche Schneeschuhwanderung<\/li>\n<li>Safaribus ( Wanderbus )<\/li>\n<li>Schneeschuhwanderungen<\/li>\n<li>Speckverkostung bei der Metzgerei Steiner<\/li>\n<li>G\u00e4ste Gaudi Biathlon Rennen<\/li>\n<li>Skitagesausflug mit der Skischule Antholz<\/li>\n<\/ul>\n<h2>SOMMER<\/h2>\n<h3>INKLUSIVLEISTUNGEN<\/h3>\n<ul>\n<li>Naturparkwanderungen (Juni bis Oktober)<\/li>\n<li>NW Schnuppern ab Ende Mai<\/li>\n<li>Feuerwehrnachmittag Kinder (Mai-Juni)<\/li>\n<li>Aktiv &#8211; Volkstanzkurs\u00a0(September &#8211; Mitte Oktober)<\/li>\n<li>Genuss\u00a0am See (September &#8211; Mitte Oktober)<\/li>\n<li>Internetzugang<\/li>\n<li>Kr\u00e4uterwanderung (Mai bis Oktober)<\/li>\n<li>Biotopbesuch (drei\u00a0Termine Juli und August)<\/li>\n<li>Historische Wanderung<\/li>\n<li>Kinderprogramm Sommer<\/li>\n<\/ul>\n<h3>ERM\u00c4SSIGUNGEN<\/h3>\n<ul>\n<li>Biathlon G\u00e4steschie\u00dfen<\/li>\n<li>Auf den Spuren der Biathlonweltmeister<\/li>\n<li>Pilzewanderung (Juli, August, September)<\/li>\n<li>Auffahrt Kronplatz (\u00d6ffnungszeiten Olanger Seilbahnen)<\/li>\n<li>Radverleih<\/li>\n<li>Gesch\u00e4fte (B\u00e4ckerei, Metzgerei,Kr\u00e4uterhof)<\/li>\n<li>Kron Arc Adventure &#8211; Bogenparcour<\/li>\n<li>Einzeleintritt Kronaction Hochseilklettergarten \u2013 auf Einzeleintritt<\/li>\n<li>Tandemfl\u00fcge am Kronplatz<\/li>\n<\/ul>\n","protected":false},"excerpt":{"rendered":"<p>Der\u00a0Premium HOLIDAYPASS\u00a0steht nach dem Einchecken in der Unterkunft allen Ferieng\u00e4sten jener Beherbergungsbetriebe zu, die\u00a0Mitglied im Tourismusverein Antholzertal\u00a0sind, und berechtigt zur Nutzung der\u00a0gesamten \u00f6ffentlichen Mobilit\u00e4t in S\u00fcdtirol(Linienbusse, Regionalz\u00fcge und Landes-Seilbahnen)\u00a0inklusive folgender Leistungen und Erm\u00e4\u00dfigungen: WINTER INKLUSIVLEISTUNGEN Ben\u00fctzung der \u00f6ffentlichen Verkehrsmittel in S\u00fcdtriol, sowie des Skibusdienstes im Antholzertal Laternenwanderung\/Fackelwanderung Lattlschie\u00dfen am Fischerteich in Antholz Niedertal Internetzugang &#8211; [&hellip;]<\/p>\n","protected":false},"author":1,"featured_media":0,"parent":0,"menu_order":0,"comment_status":"closed","ping_status":"closed","template":"","meta":[],"acf":[],"yoast_head":"<!-- This site is optimized with the Yoast SEO plugin v15.5 - https:\/\/yoast.com\/wordpress\/plugins\/seo\/ -->\n<meta name=\"robots\" content=\"index, follow, max-snippet:-1, max-image-preview:large, max-video-preview:-1\" \/>\n<link rel=\"canonical\" href=\"https:\/\/www.wildgall.it\/de\/premium-holidaypass-antholzertal\/\" \/>\n<meta property=\"og:locale\" content=\"de_DE\" \/>\n<meta property=\"og:type\" content=\"article\" \/>\n<meta property=\"og:title\" content=\"Premium Holidaypass - Antholzertal - Hotel Anterselva Val Pusteria\" \/>\n<meta property=\"og:description\" content=\"Der\u00a0Premium HOLIDAYPASS\u00a0steht nach dem Einchecken in der Unterkunft allen Ferieng\u00e4sten jener Beherbergungsbetriebe zu, die\u00a0Mitglied im Tourismusverein Antholzertal\u00a0sind, und berechtigt zur Nutzung der\u00a0gesamten \u00f6ffentlichen Mobilit\u00e4t in S\u00fcdtirol(Linienbusse, Regionalz\u00fcge und Landes-Seilbahnen)\u00a0inklusive folgender Leistungen und Erm\u00e4\u00dfigungen: WINTER INKLUSIVLEISTUNGEN Ben\u00fctzung der \u00f6ffentlichen Verkehrsmittel in S\u00fcdtriol, sowie des Skibusdienstes im Antholzertal Laternenwanderung\/Fackelwanderung Lattlschie\u00dfen am Fischerteich in Antholz Niedertal Internetzugang &#8211; [&hellip;]\" \/>\n<meta property=\"og:url\" content=\"https:\/\/www.wildgall.it\/de\/premium-holidaypass-antholzertal\/\" \/>\n<meta property=\"og:site_name\" content=\"Hotel Anterselva Val Pusteria\" \/>\n<meta property=\"article:modified_time\" content=\"2016-11-21T22:05:50+00:00\" \/>\n<meta name=\"twitter:card\" content=\"summary\" \/>\n<meta name=\"twitter:label1\" content=\"Gesch\u00e4tzte Lesezeit\">\n\t<meta name=\"twitter:data1\" content=\"1 minute\">\n<script type=\"application\/ld+json\" class=\"yoast-schema-graph\">{\"@context\":\"https:\/\/schema.org\",\"@graph\":[{\"@type\":\"WebSite\",\"@id\":\"https:\/\/www.wildgall.it\/#website\",\"url\":\"https:\/\/www.wildgall.it\/\",\"name\":\"Hotel Anterselva Val Pusteria\",\"description\":\"\",\"potentialAction\":[{\"@type\":\"SearchAction\",\"target\":\"https:\/\/www.wildgall.it\/?s={search_term_string}\",\"query-input\":\"required name=search_term_string\"}],\"inLanguage\":\"de-DE\"},{\"@type\":\"WebPage\",\"@id\":\"https:\/\/www.wildgall.it\/de\/premium-holidaypass-antholzertal\/#webpage\",\"url\":\"https:\/\/www.wildgall.it\/de\/premium-holidaypass-antholzertal\/\",\"name\":\"Premium Holidaypass - Antholzertal - Hotel Anterselva Val Pusteria\",\"isPartOf\":{\"@id\":\"https:\/\/www.wildgall.it\/#website\"},\"datePublished\":\"2016-11-15T21:58:47+00:00\",\"dateModified\":\"2016-11-21T22:05:50+00:00\",\"inLanguage\":\"de-DE\",\"potentialAction\":[{\"@type\":\"ReadAction\",\"target\":[\"https:\/\/www.wildgall.it\/de\/premium-holidaypass-antholzertal\/\"]}]}]}<\/script>\n<!-- \/ Yoast SEO plugin. -->","_links":{"self":[{"href":"https:\/\/www.wildgall.it\/de\/wp-json\/wp\/v2\/pages\/260"}],"collection":[{"href":"https:\/\/www.wildgall.it\/de\/wp-json\/wp\/v2\/pages"}],"about":[{"href":"https:\/\/www.wildgall.it\/de\/wp-json\/wp\/v2\/types\/page"}],"author":[{"embeddable":true,"href":"https:\/\/www.wildgall.it\/de\/wp-json\/wp\/v2\/users\/1"}],"replies":[{"embeddable":true,"href":"https:\/\/www.wildgall.it\/de\/wp-json\/wp\/v2\/comments?post=260"}],"version-history":[{"count":0,"href":"https:\/\/www.wildgall.it\/de\/wp-json\/wp\/v2\/pages\/260\/revisions"}],"wp:attachment":[{"href":"https:\/\/www.wildgall.it\/de\/wp-json\/wp\/v2\/media?parent=260"}],"curies":[{"name":"wp","href":"https:\/\/api.w.org\/{rel}","templated":true}]}}