{"id":268,"date":"2016-10-13T17:55:15","date_gmt":"2016-10-13T15:55:15","guid":{"rendered":"http:\/\/www.wildgall.it\/de\/sporthotel-wildgall-rasun-anterselva\/"},"modified":"2026-03-20T10:00:48","modified_gmt":"2026-03-20T09:00:48","slug":"sporthotel-wildgall-rasen-antholz","status":"publish","type":"page","link":"https:\/\/www.wildgall.it\/de\/","title":{"rendered":"Sporthotel Wildgall in Rasen Antholz"},"content":{"rendered":"<p style=\"text-align: center;\">Zwischen <strong>Innichen<\/strong>, <strong>Toblach<\/strong> und <strong>Bruneck<\/strong>, auf der <strong>Pustertaler<\/strong> Strasse in <strong>S\u00fcdtirol<\/strong> befindet sich das Tal <strong>Antholz<\/strong>, die Heimat eines Sports der sich <strong>Biathlon<\/strong> nennt.<\/p>\n<p style=\"text-align: center;\">Unser <strong>Sporthotel Wildgall<\/strong> befindet sich hier, umring von den <strong>Dolomiten<\/strong>, im Herzen des Naturparks Rieserferner-Ahrn in der N\u00e4he des <strong>Antholzer See<\/strong> und wenige Meter von der <strong>S\u00fcdtirol Arena Biathlon<\/strong> entfernt.<\/p>\n<p style=\"text-align: center;\">Genie\u00dfen Sie die beste Lage, die sch\u00f6nste und sonnigste vom ganzen Tal.<\/p>\n<p style=\"text-align: center;\">Wenn Sie den <strong>Langlauf<\/strong> lieben, die <strong>Loipen<\/strong>\u00a0sind genau vor den T\u00fcren unseres Hotels. Wenn Sie <strong>Ski<\/strong>\u00a0lieben, der <strong>Kronplatz<\/strong>, Teil des <strong>Dolomiti Superski<\/strong>, befindet sich wenige Kilometer entfernt.<\/p>\n<p style=\"text-align: center;\">Wenn Sie Exkursionen und <strong>Wanderungen<\/strong> im Hochgebirgelieben, stehen Ihnen eine Vielzahl von Wanderungen zur Verf\u00fcgung, die genau vor unseren Hotel starten. Wenn Sie die <strong>S\u00fcdtiroler K\u00fcche<\/strong> und Ihre schmackhaften Spezialit\u00e4ten lieben, die mit lokalen Produkten von h\u00f6chster Qualit\u00e4t zubereitet werden, dann setzen Sie sich an unseren Tisch.<\/p>\n<p style=\"text-align: center;\">Wenn Sie es lieben die faszinierendsten und wildesten\u00a0 Gebiete der Dolomiten, Seen, Wasserf\u00e4lle, Almen und majest\u00e4tische Gipfel, darunter den Berg \u00a0Widgall der sich majest\u00e4tisch neben unserem Hotel erhebt und dem wir unseren Namen verdanken, zu entdecken, wir sind hier.<\/p>\n<p style=\"text-align: center;\">Zu Ihrer Verf\u00fcgung stehen ein <strong>Restaurant<\/strong>, <strong>eine<\/strong> Bar,\u00a0 ein kleiner <strong>Wellnessbereich<\/strong> , komfortable <strong>Zimmer<\/strong> und <strong>Suiten<\/strong> im klassischen Alpenstil, unabh\u00e4ngige <strong>Wohnungen<\/strong>, eine Terrasse und eine weit reichende Wiese, die mit Liegest\u00fchlen im S\u00fcden ausgestattet ist, einen\u00a0 Privatparkplatz, einen Ping Pong Tisch im Freien, einen urigen Weinkeller und\u00a0 Wasser aus unserer Quelle.<\/p>\n<p style=\"text-align: center;\">Wir hei\u00dfen Sie herzlichst Willkommen ,\u00a0 genie\u00dfen Sie einen erholsamen <strong>Urlaub<\/strong>!<\/p>\n","protected":false},"excerpt":{"rendered":"<p>Zwischen Innichen, Toblach und Bruneck, auf der Pustertaler Strasse in S\u00fcdtirol befindet sich das Tal Antholz, die Heimat eines Sports der sich Biathlon nennt. Unser Sporthotel Wildgall befindet sich hier, umring von den Dolomiten, im Herzen des Naturparks Rieserferner-Ahrn in der N\u00e4he des Antholzer See und wenige Meter von der S\u00fcdtirol Arena Biathlon entfernt. Genie\u00dfen [&hellip;]<\/p>\n","protected":false},"author":1,"featured_media":0,"parent":0,"menu_order":0,"comment_status":"closed","ping_status":"closed","template":"","meta":[],"acf":[],"yoast_head":"<!-- This site is optimized with the Yoast SEO plugin v15.5 - https:\/\/yoast.com\/wordpress\/plugins\/seo\/ -->\n<meta name=\"description\" content=\"Hotel in Antholzertal direkt an den Loipen und neben S\u00fcdtirol Biathlon Arena und Antholzer See. Wenige Kilometer vom Kronplatz entfernt.\" \/>\n<meta name=\"robots\" content=\"index, follow, max-snippet:-1, max-image-preview:large, max-video-preview:-1\" \/>\n<link rel=\"canonical\" href=\"https:\/\/www.wildgall.it\/de\/\" \/>\n<meta property=\"og:locale\" content=\"de_DE\" \/>\n<meta property=\"og:type\" content=\"article\" \/>\n<meta property=\"og:title\" content=\"Hotel Antholz - Pustertal Kronplatz - Dolomiten - S\u00fcdtirol\" \/>\n<meta property=\"og:description\" content=\"Hotel in Antholzertal direkt an den Loipen und neben S\u00fcdtirol Biathlon Arena und Antholzer See. Wenige Kilometer vom Kronplatz entfernt.\" \/>\n<meta property=\"og:url\" content=\"https:\/\/www.wildgall.it\/de\/\" \/>\n<meta property=\"og:site_name\" content=\"Hotel Anterselva Val Pusteria\" \/>\n<meta property=\"article:modified_time\" content=\"2026-03-20T09:00:48+00:00\" \/>\n<meta name=\"twitter:card\" content=\"summary\" \/>\n<meta name=\"twitter:label1\" content=\"Gesch\u00e4tzte Lesezeit\">\n\t<meta name=\"twitter:data1\" content=\"1 minute\">\n<script type=\"application\/ld+json\" class=\"yoast-schema-graph\">{\"@context\":\"https:\/\/schema.org\",\"@graph\":[{\"@type\":\"WebSite\",\"@id\":\"https:\/\/www.wildgall.it\/#website\",\"url\":\"https:\/\/www.wildgall.it\/\",\"name\":\"Hotel Anterselva Val Pusteria\",\"description\":\"\",\"potentialAction\":[{\"@type\":\"SearchAction\",\"target\":\"https:\/\/www.wildgall.it\/?s={search_term_string}\",\"query-input\":\"required name=search_term_string\"}],\"inLanguage\":\"de-DE\"},{\"@type\":\"WebPage\",\"@id\":\"https:\/\/www.wildgall.it\/de\/#webpage\",\"url\":\"https:\/\/www.wildgall.it\/de\/\",\"name\":\"Hotel Antholz - Pustertal Kronplatz - Dolomiten - S\\u00fcdtirol\",\"isPartOf\":{\"@id\":\"https:\/\/www.wildgall.it\/#website\"},\"datePublished\":\"2016-10-13T15:55:15+00:00\",\"dateModified\":\"2026-03-20T09:00:48+00:00\",\"description\":\"Hotel in Antholzertal direkt an den Loipen und neben S\\u00fcdtirol Biathlon Arena und Antholzer See. Wenige Kilometer vom Kronplatz entfernt.\",\"inLanguage\":\"de-DE\",\"potentialAction\":[{\"@type\":\"ReadAction\",\"target\":[\"https:\/\/www.wildgall.it\/de\/\"]}]}]}<\/script>\n<!-- \/ Yoast SEO plugin. -->","_links":{"self":[{"href":"https:\/\/www.wildgall.it\/de\/wp-json\/wp\/v2\/pages\/268"}],"collection":[{"href":"https:\/\/www.wildgall.it\/de\/wp-json\/wp\/v2\/pages"}],"about":[{"href":"https:\/\/www.wildgall.it\/de\/wp-json\/wp\/v2\/types\/page"}],"author":[{"embeddable":true,"href":"https:\/\/www.wildgall.it\/de\/wp-json\/wp\/v2\/users\/1"}],"replies":[{"embeddable":true,"href":"https:\/\/www.wildgall.it\/de\/wp-json\/wp\/v2\/comments?post=268"}],"version-history":[{"count":0,"href":"https:\/\/www.wildgall.it\/de\/wp-json\/wp\/v2\/pages\/268\/revisions"}],"wp:attachment":[{"href":"https:\/\/www.wildgall.it\/de\/wp-json\/wp\/v2\/media?parent=268"}],"curies":[{"name":"wp","href":"https:\/\/api.w.org\/{rel}","templated":true}]}}