{"id":282,"date":"2016-10-14T13:47:41","date_gmt":"2016-10-14T11:47:41","guid":{"rendered":"http:\/\/www.wildgall.it\/de\/residence-appartamenti\/"},"modified":"2016-11-21T23:13:24","modified_gmt":"2016-11-21T22:13:24","slug":"residence-ferienwohnungen","status":"publish","type":"page","link":"https:\/\/www.wildgall.it\/de\/residence-ferienwohnungen\/","title":{"rendered":"Residence &#038; Ferienwohnungen"},"content":{"rendered":"<p>Das Sporthotel Wildgall bietet nicht nur komfortable Zimmer in der klassischen Unterbringung im Hotel an, sondert bietet zudem die M\u00f6glichkeit in einer <strong>Ferienwohnung<\/strong> zu logieren. Dies ist ideal f\u00fcr diejenigen, die es w\u00fcnschen unabh\u00e4ngiger im Vergleich zu den anderen G\u00e4sten zu sein, ohne auf einige\u00a0 Dienstleistungen, wie der kostenlosen\u00a0Zutritt zur <strong>Sauna<\/strong> im Hotel, verzichten zu m\u00fcssen. Sie k\u00f6nnen sich zwischen unseren <strong>Chalet Wildgall<\/strong> das vollst\u00e4ndig in Holz eingerichtet ist, oder unsere klassische <strong>Ferienwohnung Antholzersee im rustikalen Stil <\/strong>entscheiden.<\/p>\n<p>Im <strong>Winter<\/strong>, sind die <strong>Langlaufloipen <\/strong>genau vor Ihrer T\u00fcr, die <strong>S\u00fcdtirol Arena Biathlon<\/strong> befindet sich wenige Meter entfernt und die <strong>Pisten<\/strong> vom <strong>Kronplatz<\/strong>, der perfekte Ort f\u00fcr <strong>Skifahrer<\/strong> die sich austoben wollen, ist, sind wenige Kilometer entfernt.<\/p>\n<p>Im <strong>Sommer<\/strong>, k\u00f6nnen Sie in v\u00f6lliger Freiheit den naheliegenden <strong>Antholzersee<\/strong> entdecken und unz\u00e4hlige <strong>Wanderungen<\/strong> im sonnigen und unber\u00fchrten <strong>Antholzertal<\/strong> unternehmen, das auch die Heimat der <strong>Radfahrbegeisterten<\/strong> und <strong>Mountainbikers<\/strong> ist.<\/p>\n","protected":false},"excerpt":{"rendered":"<p>Das Sporthotel Wildgall bietet nicht nur komfortable Zimmer in der klassischen Unterbringung im Hotel an, sondert bietet zudem die M\u00f6glichkeit in einer Ferienwohnung zu logieren. Dies ist ideal f\u00fcr diejenigen, die es w\u00fcnschen unabh\u00e4ngiger im Vergleich zu den anderen G\u00e4sten zu sein, ohne auf einige\u00a0 Dienstleistungen, wie der kostenlosen\u00a0Zutritt zur Sauna im Hotel, verzichten zu [&hellip;]<\/p>\n","protected":false},"author":1,"featured_media":0,"parent":0,"menu_order":0,"comment_status":"closed","ping_status":"closed","template":"","meta":[],"acf":[],"yoast_head":"<!-- This site is optimized with the Yoast SEO plugin v15.5 - https:\/\/yoast.com\/wordpress\/plugins\/seo\/ -->\n<meta name=\"description\" content=\"Residence und Ferienwohnungen f\u00fcr Ihren Urlaub in Antholzertal, neben Pustertal in S\u00fcdtirol - Sporthotel Wildgall in Rasen Antholz\" \/>\n<meta name=\"robots\" content=\"index, follow, max-snippet:-1, max-image-preview:large, max-video-preview:-1\" \/>\n<link rel=\"canonical\" href=\"https:\/\/www.wildgall.it\/de\/residence-ferienwohnungen\/\" \/>\n<meta property=\"og:locale\" content=\"de_DE\" \/>\n<meta property=\"og:type\" content=\"article\" \/>\n<meta property=\"og:title\" content=\"Residence und Ferienwohnungen - Hotel Antholz - Pustertal - S\u00fcdtirol\" \/>\n<meta property=\"og:description\" content=\"Residence und Ferienwohnungen f\u00fcr Ihren Urlaub in Antholzertal, neben Pustertal in S\u00fcdtirol - Sporthotel Wildgall in Rasen Antholz\" \/>\n<meta property=\"og:url\" content=\"https:\/\/www.wildgall.it\/de\/residence-ferienwohnungen\/\" \/>\n<meta property=\"og:site_name\" content=\"Hotel Anterselva Val Pusteria\" \/>\n<meta property=\"article:modified_time\" content=\"2016-11-21T22:13:24+00:00\" \/>\n<meta name=\"twitter:card\" content=\"summary\" \/>\n<meta name=\"twitter:label1\" content=\"Gesch\u00e4tzte Lesezeit\">\n\t<meta name=\"twitter:data1\" content=\"1 minute\">\n<script type=\"application\/ld+json\" class=\"yoast-schema-graph\">{\"@context\":\"https:\/\/schema.org\",\"@graph\":[{\"@type\":\"WebSite\",\"@id\":\"https:\/\/www.wildgall.it\/#website\",\"url\":\"https:\/\/www.wildgall.it\/\",\"name\":\"Hotel Anterselva Val Pusteria\",\"description\":\"\",\"potentialAction\":[{\"@type\":\"SearchAction\",\"target\":\"https:\/\/www.wildgall.it\/?s={search_term_string}\",\"query-input\":\"required name=search_term_string\"}],\"inLanguage\":\"de-DE\"},{\"@type\":\"WebPage\",\"@id\":\"https:\/\/www.wildgall.it\/de\/residence-ferienwohnungen\/#webpage\",\"url\":\"https:\/\/www.wildgall.it\/de\/residence-ferienwohnungen\/\",\"name\":\"Residence und Ferienwohnungen - Hotel Antholz - Pustertal - S\\u00fcdtirol\",\"isPartOf\":{\"@id\":\"https:\/\/www.wildgall.it\/#website\"},\"datePublished\":\"2016-10-14T11:47:41+00:00\",\"dateModified\":\"2016-11-21T22:13:24+00:00\",\"description\":\"Residence und Ferienwohnungen f\\u00fcr Ihren Urlaub in Antholzertal, neben Pustertal in S\\u00fcdtirol - Sporthotel Wildgall in Rasen Antholz\",\"inLanguage\":\"de-DE\",\"potentialAction\":[{\"@type\":\"ReadAction\",\"target\":[\"https:\/\/www.wildgall.it\/de\/residence-ferienwohnungen\/\"]}]}]}<\/script>\n<!-- \/ Yoast SEO plugin. -->","_links":{"self":[{"href":"https:\/\/www.wildgall.it\/de\/wp-json\/wp\/v2\/pages\/282"}],"collection":[{"href":"https:\/\/www.wildgall.it\/de\/wp-json\/wp\/v2\/pages"}],"about":[{"href":"https:\/\/www.wildgall.it\/de\/wp-json\/wp\/v2\/types\/page"}],"author":[{"embeddable":true,"href":"https:\/\/www.wildgall.it\/de\/wp-json\/wp\/v2\/users\/1"}],"replies":[{"embeddable":true,"href":"https:\/\/www.wildgall.it\/de\/wp-json\/wp\/v2\/comments?post=282"}],"version-history":[{"count":0,"href":"https:\/\/www.wildgall.it\/de\/wp-json\/wp\/v2\/pages\/282\/revisions"}],"wp:attachment":[{"href":"https:\/\/www.wildgall.it\/de\/wp-json\/wp\/v2\/media?parent=282"}],"curies":[{"name":"wp","href":"https:\/\/api.w.org\/{rel}","templated":true}]}}