{"id":288,"date":"2016-10-14T13:48:19","date_gmt":"2016-10-14T11:48:19","guid":{"rendered":"http:\/\/www.wildgall.it\/de\/ristorante-bar\/"},"modified":"2016-11-21T16:35:51","modified_gmt":"2016-11-21T15:35:51","slug":"kulinarik","status":"publish","type":"page","link":"https:\/\/www.wildgall.it\/de\/kulinarik\/","title":{"rendered":"Restaurant &#038; Bar"},"content":{"rendered":"<p>Haben Sie Lust auf schmackhafte <strong>S\u00fcdtiroler Spezialit\u00e4ten<\/strong>?\u00a0 Lieben Sie die <strong>S\u00fcdtiroler K\u00fcche<\/strong>? \u00a0Lieben Sie die beste i<strong>talienische Tradition<\/strong> mit <strong>mediterranen Einflussen<\/strong>? M\u00f6chten Sie nur <strong>einheimische Produkte<\/strong> von h\u00f6chster <strong>Qualit\u00e4t<\/strong> genie\u00dfen?<\/p>\n<p>Unser <strong>Restaurant<\/strong> erwartet Sie! \u00a0Unsere Brigade\u00a0bereitet f\u00fcr Sie jeden Tag <strong>frische hausgemachte Nudeln<\/strong>, <strong>Schlutzkrapfen<\/strong>, <strong>Suppen<\/strong>, <strong>Hauptgerichte<\/strong> auf der Grundlage von <strong>Fleisch<\/strong> von den besten S\u00fcdtiroler Z\u00fcchtern und schmackhafte <strong>vegetarische G\u00e4nge<\/strong> zu. K\u00f6stliche <strong>hausgemachte Nachspeisen<\/strong> werden von uns t\u00e4glich frisch zubereitet, wie <strong>Apfelstrudel<\/strong>, <strong>Halbgefrorenes<\/strong>, <strong>Kuchen<\/strong> und viele andere <strong>K\u00f6stlichkeiten<\/strong>. Am <strong>Abend<\/strong> haben wir das Vergn\u00fcgen, Sie mit einem \u00fcppigen Buffet aus <strong>Vorspeisen und Salaten<\/strong> und einem schmackhaften <strong>Men\u00fc nach Wahl<\/strong> zu erfreuen. Zu Mittag erwarten wir Sie mit einem <strong>Mittagessen \u201e\u00e0 la carte\u201c<\/strong> oder, warum nicht, einem schnellen <strong>Imbiss<\/strong> mit <strong>S\u00fcdtiroler\u00a0Speck<\/strong>\u00a0und <strong>Almk\u00e4se<\/strong>. Zum <strong>Fr\u00fchst\u00fcck<\/strong> finden Sie ein \u00fcppiges Buffet mit sowohl S\u00fc\u00dfem als auch Salzigem um Ihren Tag mit dem richtigen Schwung zu beginnen.<\/p>\n<p>Unser gut ausgestatteter, reichhaltiger <strong>Weinkeller<\/strong> bietet das Beste der italienischen <strong>Weine<\/strong>, selbstverst\u00e4ndlich mit dem besonderen Fokus auf S\u00fcdtirol.<\/p>\n<p>Wir stehen in den G\u00e4sten, die an Unvertr\u00e4glichkeiten und <strong>Allergien<\/strong> leiden (es besteht die M\u00f6glichkeit von <strong>glutenfreier<\/strong> K\u00fcche), und auch unseren <strong>kleinen G\u00e4sten<\/strong> mit k\u00f6stlichen Gerichten, die eigens den <strong>Kindern<\/strong> gewidmet sind, zur Verf\u00fcgung.<\/p>\n<p>Und vergessen Sie nicht, dass wir in regelm\u00e4\u00dfigen Abst\u00e4nden Themenabende organisieren, wie die S\u00fcdtiroler K\u00fcche, oder Aperitifs auf der Terrasse mit k\u00f6stlichen Cocktails.<\/p>\n<p>Und um nichts zu verpassen, unser Chef bietet Ihnen auf Anfrage, <strong>Gourmet-Men\u00fcs<\/strong>, Verkostungen von <strong>Weinen<\/strong> und <strong>Schn\u00e4psen<\/strong> in unserer Zirmstube.<\/p>\n<p>Setzten Sie sich an unseren Tisch und genie\u00dfen Sie mit uns das Beste der kulinarischen S\u00fcdtiroler Tradition!<\/p>\n<p>Und nach einem\u00a0 Tag der <strong>Wanderungen<\/strong>, bei dem Sie die <strong>Dolomiten\u00a0<\/strong>entdecken,\u00a0 einem <strong>Langlauftag<\/strong> bei uns, bzw. einem <strong>Skitag<\/strong> auf dem <strong>Kronplatz<\/strong>, genie\u00dfen Sie auf der <strong>Terrasse<\/strong> oder an\u00a0der <strong>Bar <\/strong>ein erfrischendes Getr\u00e4nk, ein frisches Eis, einen k\u00f6stlichen Drink oder einen Tee aus Bergkr\u00e4uter.<\/p>\n<p>Auch nach dem Abendessen erwarten wir Sie in der Bar oder am offenen Kamin.\u00a0 Mit einer gro\u00dfen Auswahl an Digestifs, einheimischen Schn\u00e4pse &#8211; Grappa, After-Dinnerdrinks k\u00f6nnen Sie unter Freunden den Tag ausklingen lassen.<\/p>\n<p>Der gratis <strong>Wi-Fi Internetanschluss<\/strong>\u00a0steht Ihnen im ganzen Hotel zur Verf\u00fcgung.<\/p>\n","protected":false},"excerpt":{"rendered":"<p>Haben Sie Lust auf schmackhafte S\u00fcdtiroler Spezialit\u00e4ten?\u00a0 Lieben Sie die S\u00fcdtiroler K\u00fcche? \u00a0Lieben Sie die beste italienische Tradition mit mediterranen Einflussen? M\u00f6chten Sie nur einheimische Produkte von h\u00f6chster Qualit\u00e4t genie\u00dfen? Unser Restaurant erwartet Sie! \u00a0Unsere Brigade\u00a0bereitet f\u00fcr Sie jeden Tag frische hausgemachte Nudeln, Schlutzkrapfen, Suppen, Hauptgerichte auf der Grundlage von Fleisch von den besten S\u00fcdtiroler [&hellip;]<\/p>\n","protected":false},"author":1,"featured_media":0,"parent":0,"menu_order":0,"comment_status":"closed","ping_status":"closed","template":"","meta":[],"acf":[],"yoast_head":"<!-- This site is optimized with the Yoast SEO plugin v15.5 - https:\/\/yoast.com\/wordpress\/plugins\/seo\/ -->\n<meta name=\"description\" content=\"Restaurant in Antholzertal. Typische S\u00fcdtiroler K\u00fcche und Italienische Spezialit\u00e4ten. Nur einheimische Produckte. Themenabende und Gourmet-Men\u00fc\" \/>\n<meta name=\"robots\" content=\"index, follow, max-snippet:-1, max-image-preview:large, max-video-preview:-1\" \/>\n<link rel=\"canonical\" href=\"https:\/\/www.wildgall.it\/de\/kulinarik\/\" \/>\n<meta property=\"og:locale\" content=\"de_DE\" \/>\n<meta property=\"og:type\" content=\"article\" \/>\n<meta property=\"og:title\" content=\"Restaurant und Bar - Hotel Rasen Antholz - Pustertal - S\u00fcdtirol\" \/>\n<meta property=\"og:description\" content=\"Restaurant in Antholzertal. Typische S\u00fcdtiroler K\u00fcche und Italienische Spezialit\u00e4ten. Nur einheimische Produckte. Themenabende und Gourmet-Men\u00fc\" \/>\n<meta property=\"og:url\" content=\"https:\/\/www.wildgall.it\/de\/kulinarik\/\" \/>\n<meta property=\"og:site_name\" content=\"Hotel Anterselva Val Pusteria\" \/>\n<meta property=\"article:modified_time\" content=\"2016-11-21T15:35:51+00:00\" \/>\n<meta name=\"twitter:card\" content=\"summary\" \/>\n<meta name=\"twitter:label1\" content=\"Gesch\u00e4tzte Lesezeit\">\n\t<meta name=\"twitter:data1\" content=\"2 minutes\">\n<script type=\"application\/ld+json\" class=\"yoast-schema-graph\">{\"@context\":\"https:\/\/schema.org\",\"@graph\":[{\"@type\":\"WebSite\",\"@id\":\"https:\/\/www.wildgall.it\/#website\",\"url\":\"https:\/\/www.wildgall.it\/\",\"name\":\"Hotel Anterselva Val Pusteria\",\"description\":\"\",\"potentialAction\":[{\"@type\":\"SearchAction\",\"target\":\"https:\/\/www.wildgall.it\/?s={search_term_string}\",\"query-input\":\"required name=search_term_string\"}],\"inLanguage\":\"de-DE\"},{\"@type\":\"WebPage\",\"@id\":\"https:\/\/www.wildgall.it\/de\/kulinarik\/#webpage\",\"url\":\"https:\/\/www.wildgall.it\/de\/kulinarik\/\",\"name\":\"Restaurant und Bar - Hotel Rasen Antholz - Pustertal - S\\u00fcdtirol\",\"isPartOf\":{\"@id\":\"https:\/\/www.wildgall.it\/#website\"},\"datePublished\":\"2016-10-14T11:48:19+00:00\",\"dateModified\":\"2016-11-21T15:35:51+00:00\",\"description\":\"Restaurant in Antholzertal. Typische S\\u00fcdtiroler K\\u00fcche und Italienische Spezialit\\u00e4ten. Nur einheimische Produckte. Themenabende und Gourmet-Men\\u00fc\",\"inLanguage\":\"de-DE\",\"potentialAction\":[{\"@type\":\"ReadAction\",\"target\":[\"https:\/\/www.wildgall.it\/de\/kulinarik\/\"]}]}]}<\/script>\n<!-- \/ Yoast SEO plugin. -->","_links":{"self":[{"href":"https:\/\/www.wildgall.it\/de\/wp-json\/wp\/v2\/pages\/288"}],"collection":[{"href":"https:\/\/www.wildgall.it\/de\/wp-json\/wp\/v2\/pages"}],"about":[{"href":"https:\/\/www.wildgall.it\/de\/wp-json\/wp\/v2\/types\/page"}],"author":[{"embeddable":true,"href":"https:\/\/www.wildgall.it\/de\/wp-json\/wp\/v2\/users\/1"}],"replies":[{"embeddable":true,"href":"https:\/\/www.wildgall.it\/de\/wp-json\/wp\/v2\/comments?post=288"}],"version-history":[{"count":0,"href":"https:\/\/www.wildgall.it\/de\/wp-json\/wp\/v2\/pages\/288\/revisions"}],"wp:attachment":[{"href":"https:\/\/www.wildgall.it\/de\/wp-json\/wp\/v2\/media?parent=288"}],"curies":[{"name":"wp","href":"https:\/\/api.w.org\/{rel}","templated":true}]}}