{"id":291,"date":"2016-10-14T13:49:01","date_gmt":"2016-10-14T11:49:01","guid":{"rendered":"http:\/\/www.wildgall.it\/de\/arrivo\/"},"modified":"2016-11-21T16:44:53","modified_gmt":"2016-11-21T15:44:53","slug":"anreise","status":"publish","type":"page","link":"https:\/\/www.wildgall.it\/de\/anreise\/","title":{"rendered":"Kontakt &#038; Anreise"},"content":{"rendered":"<iframe class=\"googlemaps\" src=\"https:\/\/www.google.com\/maps\/embed?pb=!1m18!1m12!1m3!1d2727.179961284087!2d12.13945791596672!3d46.87950807914317!2m3!1f0!2f0!3f0!3m2!1i1024!2i768!4f13.1!3m3!1m2!1s0x477788b4facd6e37%3A0x1ddb9eb998e46dba!2sHotel+Sporthotel+Wildgall!5e0!3m2!1sde!2sit!4v1477673155992\" width=\"50%\" height=\"390\" frameborder=\"0\" allowfullscreen><\/iframe>\n<p><strong>Sporthotel Wildgall***\u00a0<\/strong><\/p>\n<p><em>Fam. Unterhuber<\/em><\/p>\n<p>Paul-Zingerle-Str., 2 &#8211; Antholz\u00a0Obertal<\/p>\n<p>I-39030 &#8211; Rasen Antholz (BZ) &#8211; S\u00fcdtirol\u00a0&#8211; Italien<\/p>\n<p>Tel.\u00a0\u00a0\u00a0\u00a0\u00a0 +39 0474 492136<\/p>\n<p>Fax:\u00a0\u00a0\u00a0\u00a0 +39 0474 492310<\/p>\n<p><a href=\"mailto:info@wildgall.it\">info@wildgall.it<\/a>\u00a0 &#8211; \u00a0\u00a0<a href=\"https:\/\/www.wildgall.it\/\">www.wildgall.it<\/a><\/p>\n<p>F\u00fcr \u00a0<strong>Verf\u00fcgbarkeit<\/strong>, <strong>Preise<\/strong> und <strong>Informationen<\/strong>\u00a0\u00fcber Ihren <strong>Urlaub<\/strong>, z\u00f6gern Sie nicht und kontaktieren Sie uns telefonisch, per E-Mail oder <em><a href=\" https:\/\/www.wildgall.it\/de\/anfragen\/\" target=\"\u201d_blank\u201d\">KLICKEN SIE HIER<\/a><\/em> und f\u00fcllen Sie diese Form aus .<\/p>\n<p>Unser Hotel befindet sich im <strong>Antholz Obertal<\/strong> &#8211; <strong>Antholzertal<\/strong>.<\/p>\n<p>Von <strong>BRUNECK\u00a0<\/strong>\/ vom <strong>S\u00dcDEN <\/strong>erreichen Sie uns in Richtung Toblach \/ Innichen. Auf der H\u00f6he von Olang, biegen Sie nach links ab, Richtung Antholz \/ Antholzersee. Sie finden uns in Antholz Obertal, auf der rechten Seite, ca. 500 Meter vor der S\u00fcdtirol Arena Biathlon und Antholzersee.<\/p>\n<p>Von <strong>INNICHEN\u00a0<\/strong>\/ von <strong>TOBLACH <\/strong>\/ Vom <strong>NORDEN\u00a0<\/strong>erreichen Sie uns wenn Sie Richtung Bruneck \/ Brixen fahren. Kurz vor Olang angekommen, biegen Sie nach rechts ab, in Richtung Antholz \/ Antholzersee. Sie finden uns in Antholz Obertal, auf der rechten Seite, ca. 500 Meter vor der S\u00fcdtirol Arena Biathlon und Antholzersee.<\/p>\n<p>&nbsp;<\/p>\n","protected":false},"excerpt":{"rendered":"<p>Sporthotel Wildgall***\u00a0 Fam. Unterhuber Paul-Zingerle-Str., 2 &#8211; Antholz\u00a0Obertal I-39030 &#8211; Rasen Antholz (BZ) &#8211; S\u00fcdtirol\u00a0&#8211; Italien Tel.\u00a0\u00a0\u00a0\u00a0\u00a0 +39 0474 492136 Fax:\u00a0\u00a0\u00a0\u00a0 +39 0474 492310 info@wildgall.it\u00a0 &#8211; \u00a0\u00a0www.wildgall.it F\u00fcr \u00a0Verf\u00fcgbarkeit, Preise und Informationen\u00a0\u00fcber Ihren Urlaub, z\u00f6gern Sie nicht und kontaktieren Sie uns telefonisch, per E-Mail oder KLICKEN SIE HIER und f\u00fcllen Sie diese Form aus . [&hellip;]<\/p>\n","protected":false},"author":1,"featured_media":0,"parent":0,"menu_order":0,"comment_status":"closed","ping_status":"closed","template":"","meta":[],"acf":[],"yoast_head":"<!-- This site is optimized with the Yoast SEO plugin v15.5 - https:\/\/yoast.com\/wordpress\/plugins\/seo\/ -->\n<meta name=\"robots\" content=\"index, follow, max-snippet:-1, max-image-preview:large, max-video-preview:-1\" \/>\n<link rel=\"canonical\" href=\"https:\/\/www.wildgall.it\/de\/anreise\/\" \/>\n<meta property=\"og:locale\" content=\"de_DE\" \/>\n<meta property=\"og:type\" content=\"article\" \/>\n<meta property=\"og:title\" content=\"Kontakt &amp; Anreise - Hotel Anterselva Val Pusteria\" \/>\n<meta property=\"og:description\" content=\"Sporthotel Wildgall***\u00a0 Fam. Unterhuber Paul-Zingerle-Str., 2 &#8211; Antholz\u00a0Obertal I-39030 &#8211; Rasen Antholz (BZ) &#8211; S\u00fcdtirol\u00a0&#8211; Italien Tel.\u00a0\u00a0\u00a0\u00a0\u00a0 +39 0474 492136 Fax:\u00a0\u00a0\u00a0\u00a0 +39 0474 492310 info@wildgall.it\u00a0 &#8211; \u00a0\u00a0www.wildgall.it F\u00fcr \u00a0Verf\u00fcgbarkeit, Preise und Informationen\u00a0\u00fcber Ihren Urlaub, z\u00f6gern Sie nicht und kontaktieren Sie uns telefonisch, per E-Mail oder KLICKEN SIE HIER und f\u00fcllen Sie diese Form aus . [&hellip;]\" \/>\n<meta property=\"og:url\" content=\"https:\/\/www.wildgall.it\/de\/anreise\/\" \/>\n<meta property=\"og:site_name\" content=\"Hotel Anterselva Val Pusteria\" \/>\n<meta property=\"article:modified_time\" content=\"2016-11-21T15:44:53+00:00\" \/>\n<meta name=\"twitter:card\" content=\"summary\" \/>\n<meta name=\"twitter:label1\" content=\"Gesch\u00e4tzte Lesezeit\">\n\t<meta name=\"twitter:data1\" content=\"1 minute\">\n<script type=\"application\/ld+json\" class=\"yoast-schema-graph\">{\"@context\":\"https:\/\/schema.org\",\"@graph\":[{\"@type\":\"WebSite\",\"@id\":\"https:\/\/www.wildgall.it\/#website\",\"url\":\"https:\/\/www.wildgall.it\/\",\"name\":\"Hotel Anterselva Val Pusteria\",\"description\":\"\",\"potentialAction\":[{\"@type\":\"SearchAction\",\"target\":\"https:\/\/www.wildgall.it\/?s={search_term_string}\",\"query-input\":\"required name=search_term_string\"}],\"inLanguage\":\"de-DE\"},{\"@type\":\"WebPage\",\"@id\":\"https:\/\/www.wildgall.it\/de\/anreise\/#webpage\",\"url\":\"https:\/\/www.wildgall.it\/de\/anreise\/\",\"name\":\"Kontakt & Anreise - Hotel Anterselva Val Pusteria\",\"isPartOf\":{\"@id\":\"https:\/\/www.wildgall.it\/#website\"},\"datePublished\":\"2016-10-14T11:49:01+00:00\",\"dateModified\":\"2016-11-21T15:44:53+00:00\",\"inLanguage\":\"de-DE\",\"potentialAction\":[{\"@type\":\"ReadAction\",\"target\":[\"https:\/\/www.wildgall.it\/de\/anreise\/\"]}]}]}<\/script>\n<!-- \/ Yoast SEO plugin. -->","_links":{"self":[{"href":"https:\/\/www.wildgall.it\/de\/wp-json\/wp\/v2\/pages\/291"}],"collection":[{"href":"https:\/\/www.wildgall.it\/de\/wp-json\/wp\/v2\/pages"}],"about":[{"href":"https:\/\/www.wildgall.it\/de\/wp-json\/wp\/v2\/types\/page"}],"author":[{"embeddable":true,"href":"https:\/\/www.wildgall.it\/de\/wp-json\/wp\/v2\/users\/1"}],"replies":[{"embeddable":true,"href":"https:\/\/www.wildgall.it\/de\/wp-json\/wp\/v2\/comments?post=291"}],"version-history":[{"count":0,"href":"https:\/\/www.wildgall.it\/de\/wp-json\/wp\/v2\/pages\/291\/revisions"}],"wp:attachment":[{"href":"https:\/\/www.wildgall.it\/de\/wp-json\/wp\/v2\/media?parent=291"}],"curies":[{"name":"wp","href":"https:\/\/api.w.org\/{rel}","templated":true}]}}