{"id":295,"date":"2016-10-14T13:48:48","date_gmt":"2016-10-14T11:48:48","guid":{"rendered":"http:\/\/www.wildgall.it\/de\/attivita-e-dintorni\/"},"modified":"2016-11-21T17:10:59","modified_gmt":"2016-11-21T16:10:59","slug":"aktiv-umgebung","status":"publish","type":"page","link":"https:\/\/www.wildgall.it\/de\/aktiv-umgebung\/","title":{"rendered":"Aktivit\u00e4ten &#038; Umgebung"},"content":{"rendered":"<p>Auf was warten Sie? Das\u00a0<strong>Sporthotel Wildgall<\/strong>\u00a0und das\u00a0<strong>Antholzertal<\/strong>\u00a0erwartet Sie in Ihren Urlaub mit einer Vielzahl an Aktivit\u00e4ten und Attraktionen sowohl im <em><a href=\" https:\/\/www.wildgall.it\/de\/sommer\/\" target=\"\u201d_blank\u201d\">SOMMER<\/a><\/em>\u00a0als auch im <em><a href=\" https:\/\/www.wildgall.it\/de\/winter\/\" target=\"\u201d_blank\u201d\">WINTER<\/a><\/em>\u00a0&#8230; wir sind zudem in einer der besten Lage um die <em><a href=\" https:\/\/www.wildgall.it\/de\/umgebung\/\" target=\"\u201d_blank\u201d\">UMGEBUNG<\/a><\/em> zu erforschen, naheliegende D\u00f6rfer und T\u00e4ler und somit die authentischste und faszinierendste Seite von <strong>S\u00fcdtirol<\/strong> zu entdecken!<\/p>\n","protected":false},"excerpt":{"rendered":"<p>Auf was warten Sie? Das\u00a0Sporthotel Wildgall\u00a0und das\u00a0Antholzertal\u00a0erwartet Sie in Ihren Urlaub mit einer Vielzahl an Aktivit\u00e4ten und Attraktionen sowohl im SOMMER\u00a0als auch im WINTER\u00a0&#8230; wir sind zudem in einer der besten Lage um die UMGEBUNG zu erforschen, naheliegende D\u00f6rfer und T\u00e4ler und somit die authentischste und faszinierendste Seite von S\u00fcdtirol zu entdecken!<\/p>\n","protected":false},"author":1,"featured_media":0,"parent":0,"menu_order":0,"comment_status":"closed","ping_status":"closed","template":"","meta":[],"acf":[],"yoast_head":"<!-- This site is optimized with the Yoast SEO plugin v15.5 - https:\/\/yoast.com\/wordpress\/plugins\/seo\/ -->\n<meta name=\"description\" content=\"Entdecken Sie Loipen, Langlaufen, Skifahren auf dem Kronplatz, Biathlon,Schie\u00dfen, Wanderungen am Antholzersee und Pragser Wildsee\" \/>\n<meta name=\"robots\" content=\"index, follow, max-snippet:-1, max-image-preview:large, max-video-preview:-1\" \/>\n<link rel=\"canonical\" href=\"https:\/\/www.wildgall.it\/de\/aktiv-umgebung\/\" \/>\n<meta property=\"og:locale\" content=\"de_DE\" \/>\n<meta property=\"og:type\" content=\"article\" \/>\n<meta property=\"og:title\" content=\"Aktiver Urlaub und Umgebung - Hotel Rasen Antholz - Pustertal\" \/>\n<meta property=\"og:description\" content=\"Entdecken Sie Loipen, Langlaufen, Skifahren auf dem Kronplatz, Biathlon,Schie\u00dfen, Wanderungen am Antholzersee und Pragser Wildsee\" \/>\n<meta property=\"og:url\" content=\"https:\/\/www.wildgall.it\/de\/aktiv-umgebung\/\" \/>\n<meta property=\"og:site_name\" content=\"Hotel Anterselva Val Pusteria\" \/>\n<meta property=\"article:modified_time\" content=\"2016-11-21T16:10:59+00:00\" \/>\n<meta name=\"twitter:card\" content=\"summary\" \/>\n<meta name=\"twitter:label1\" content=\"Gesch\u00e4tzte Lesezeit\">\n\t<meta name=\"twitter:data1\" content=\"0 minutes\">\n<script type=\"application\/ld+json\" class=\"yoast-schema-graph\">{\"@context\":\"https:\/\/schema.org\",\"@graph\":[{\"@type\":\"WebSite\",\"@id\":\"https:\/\/www.wildgall.it\/#website\",\"url\":\"https:\/\/www.wildgall.it\/\",\"name\":\"Hotel Anterselva Val Pusteria\",\"description\":\"\",\"potentialAction\":[{\"@type\":\"SearchAction\",\"target\":\"https:\/\/www.wildgall.it\/?s={search_term_string}\",\"query-input\":\"required name=search_term_string\"}],\"inLanguage\":\"de-DE\"},{\"@type\":\"WebPage\",\"@id\":\"https:\/\/www.wildgall.it\/de\/aktiv-umgebung\/#webpage\",\"url\":\"https:\/\/www.wildgall.it\/de\/aktiv-umgebung\/\",\"name\":\"Aktiver Urlaub und Umgebung - Hotel Rasen Antholz - Pustertal\",\"isPartOf\":{\"@id\":\"https:\/\/www.wildgall.it\/#website\"},\"datePublished\":\"2016-10-14T11:48:48+00:00\",\"dateModified\":\"2016-11-21T16:10:59+00:00\",\"description\":\"Entdecken Sie Loipen, Langlaufen, Skifahren auf dem Kronplatz, Biathlon,Schie\\u00dfen, Wanderungen am Antholzersee und Pragser Wildsee\",\"inLanguage\":\"de-DE\",\"potentialAction\":[{\"@type\":\"ReadAction\",\"target\":[\"https:\/\/www.wildgall.it\/de\/aktiv-umgebung\/\"]}]}]}<\/script>\n<!-- \/ Yoast SEO plugin. -->","_links":{"self":[{"href":"https:\/\/www.wildgall.it\/de\/wp-json\/wp\/v2\/pages\/295"}],"collection":[{"href":"https:\/\/www.wildgall.it\/de\/wp-json\/wp\/v2\/pages"}],"about":[{"href":"https:\/\/www.wildgall.it\/de\/wp-json\/wp\/v2\/types\/page"}],"author":[{"embeddable":true,"href":"https:\/\/www.wildgall.it\/de\/wp-json\/wp\/v2\/users\/1"}],"replies":[{"embeddable":true,"href":"https:\/\/www.wildgall.it\/de\/wp-json\/wp\/v2\/comments?post=295"}],"version-history":[{"count":0,"href":"https:\/\/www.wildgall.it\/de\/wp-json\/wp\/v2\/pages\/295\/revisions"}],"wp:attachment":[{"href":"https:\/\/www.wildgall.it\/de\/wp-json\/wp\/v2\/media?parent=295"}],"curies":[{"name":"wp","href":"https:\/\/api.w.org\/{rel}","templated":true}]}}