{"id":297,"date":"2016-10-29T10:58:14","date_gmt":"2016-10-29T08:58:14","guid":{"rendered":"http:\/\/www.wildgall.it\/de\/estate\/"},"modified":"2016-11-21T22:40:13","modified_gmt":"2016-11-21T21:40:13","slug":"sommer","status":"publish","type":"page","link":"https:\/\/www.wildgall.it\/de\/sommer\/","title":{"rendered":"Sommer"},"content":{"rendered":"<p>Wenn Sie es lieben, w\u00e4hrend Ihres Urlaubs die <strong>Natur<\/strong> zu entdecken, erwartet Sie der romantische <strong>Antholzersee<\/strong> in nur weniger als 10 Gehminuten von unserem Hotel zu Fu\u00df ereichbar. Der drittgr\u00f6\u00dfte See von S\u00fcdtirol stellt einen erholsamen Ort dar, der ideal ist f\u00fcr ruhige und angenehme Spazierg\u00e4nge. Sie k\u00f6nnen den Naturlehrpfad Rundgang Antholzer See folgen, der erst k\u00fcrzlich er\u00f6ffnet wurde, wobei Sie diee Namen der umliegenden Berggipfel kennen lernen, oder Sie k\u00f6nnen einfach die romantische Atmosph\u00e4re genie\u00dfen, die rund um den See herrscht. Die Ruhe wird nur von einem Eichh\u00f6rnchen oder einem Reh das bei Ihnen vorbeigeht gest\u00f6rt!<\/p>\n<p>Die \u00fcppige, lebhafte und wilde Natur kennzeichnet unser <strong>Antholzertal<\/strong>: es ist auch ein idealer Ort f\u00fcr <strong>Fahrradliebhaber<\/strong>, entdecken Sie die Zahlreichen Wege die den <strong>Fahrradfahrern<\/strong> und <strong>Mountain Bike<\/strong> Fahrern gewidmet sind und atmen Sie die frische Bergluft ein.<\/p>\n<p>Nicht zu vergessen ist der <strong>Fahrradweg<\/strong> von <strong>Innichen \u2013 Lienz<\/strong>: der Fahrradweg an der Drau, \u00a0der von Innichen nach Lienz f\u00fchrt, wobei man die \u00f6sterreichische Grenze \u00fcberquert. Es ist einer der beliebtesten und meist besuchten Fahrradwege f\u00fcr die ganze Familie in S\u00fcdtirol. Die Strecke ist 44 Kilometer lang, mit einem H\u00f6henunterschied von 500 Metern. Sie ist leicht zu bew\u00e4ltigen f\u00fcr Jung und Alt. Man kann bequem mit dem Zug und Bus zur\u00fcckkehren.<\/p>\n<p>Kennen Sie das <strong>Biathlon<\/strong>? Es ist eine sportliche Disziplin das den <strong>Langlauf<\/strong> und <strong>Schie\u00dfsport<\/strong> vereinen. Die bekannte <strong>S\u00fcdtirol Arena Biathlon<\/strong> von Antholz ist nur 500 Meter vom Sporthotel Wildgall entfernt: im <strong>Winter<\/strong> werden die Wettk\u00e4mpfe des Weltcups Biathlon dort ausgetragen und im <strong>Sommer<\/strong> befindet sich dort eine <strong>Skirollerpiste<\/strong> f\u00fcr das Training im Hochgebirge f\u00fcr Profis wie auch Nichtprofis. Es gibt jedem der es w\u00fcnscht die M\u00f6glichkeit sich mit den Rollerbahn und Schiessport zu versuchen.<\/p>\n<p>Vergessen wir nicht das <strong>Rafting<\/strong> und das <strong>Kajak<\/strong>, das einfach auszu\u00fcben sind, sowohl von Anf\u00e4ngern als auch von Experten, auf den Seen und Wildb\u00e4chen des Pustertals.<\/p>\n<p>Entdecken Sie das <strong>Biotop<\/strong> in <strong>Rasen<\/strong>, es ist ein einzigartiges Gebiet dieser Art wo Sie die typische Flora und Fauna der feuchten Atmosph\u00e4re bestaunen k\u00f6nnen. Und vom Hotel starten eine Vielzahl an Spazierwege die Sie zu Almen, H\u00fctten, Wasserf\u00e4llen und bis zu den h\u00f6chsten H\u00fctten und Gipfeln des Rieserferner Gebirge, Hochgall und Wildgall.<\/p>\n<p>Und die <strong>Kinder<\/strong>? Wir haben sie nat\u00fcrlich nicht vergessen. Sie k\u00f6nnen den <strong>Wasserpark<\/strong> im Wald in <strong>Niederrasen<\/strong> und die magische <strong>Kinderwelt<\/strong> in <strong>Olang<\/strong> besuchen: sie sind beide Naturparks, die im Wald entworfen und erbaut wurden, wobei nur Naturmaterialen verwendet wurden und die es den Kindern erlauben mit Elementen wie Wasser, Holz, Steine zu experimentieren und sie zu bearbeiten, alleine oder mit den Eltern.<\/p>\n","protected":false},"excerpt":{"rendered":"<p>Wenn Sie es lieben, w\u00e4hrend Ihres Urlaubs die Natur zu entdecken, erwartet Sie der romantische Antholzersee in nur weniger als 10 Gehminuten von unserem Hotel zu Fu\u00df ereichbar. Der drittgr\u00f6\u00dfte See von S\u00fcdtirol stellt einen erholsamen Ort dar, der ideal ist f\u00fcr ruhige und angenehme Spazierg\u00e4nge. Sie k\u00f6nnen den Naturlehrpfad Rundgang Antholzer See folgen, der [&hellip;]<\/p>\n","protected":false},"author":2,"featured_media":0,"parent":0,"menu_order":0,"comment_status":"closed","ping_status":"closed","template":"","meta":[],"acf":[],"yoast_head":"<!-- This site is optimized with the Yoast SEO plugin v15.5 - https:\/\/yoast.com\/wordpress\/plugins\/seo\/ -->\n<meta name=\"robots\" content=\"index, follow, max-snippet:-1, max-image-preview:large, max-video-preview:-1\" \/>\n<link rel=\"canonical\" href=\"https:\/\/www.wildgall.it\/de\/sommer\/\" \/>\n<meta property=\"og:locale\" content=\"de_DE\" \/>\n<meta property=\"og:type\" content=\"article\" \/>\n<meta property=\"og:title\" content=\"Sommer - Hotel Anterselva Val Pusteria\" \/>\n<meta property=\"og:description\" content=\"Wenn Sie es lieben, w\u00e4hrend Ihres Urlaubs die Natur zu entdecken, erwartet Sie der romantische Antholzersee in nur weniger als 10 Gehminuten von unserem Hotel zu Fu\u00df ereichbar. Der drittgr\u00f6\u00dfte See von S\u00fcdtirol stellt einen erholsamen Ort dar, der ideal ist f\u00fcr ruhige und angenehme Spazierg\u00e4nge. Sie k\u00f6nnen den Naturlehrpfad Rundgang Antholzer See folgen, der [&hellip;]\" \/>\n<meta property=\"og:url\" content=\"https:\/\/www.wildgall.it\/de\/sommer\/\" \/>\n<meta property=\"og:site_name\" content=\"Hotel Anterselva Val Pusteria\" \/>\n<meta property=\"article:modified_time\" content=\"2016-11-21T21:40:13+00:00\" \/>\n<meta name=\"twitter:card\" content=\"summary\" \/>\n<meta name=\"twitter:label1\" content=\"Gesch\u00e4tzte Lesezeit\">\n\t<meta name=\"twitter:data1\" content=\"2 minutes\">\n<script type=\"application\/ld+json\" class=\"yoast-schema-graph\">{\"@context\":\"https:\/\/schema.org\",\"@graph\":[{\"@type\":\"WebSite\",\"@id\":\"https:\/\/www.wildgall.it\/#website\",\"url\":\"https:\/\/www.wildgall.it\/\",\"name\":\"Hotel Anterselva Val Pusteria\",\"description\":\"\",\"potentialAction\":[{\"@type\":\"SearchAction\",\"target\":\"https:\/\/www.wildgall.it\/?s={search_term_string}\",\"query-input\":\"required name=search_term_string\"}],\"inLanguage\":\"de-DE\"},{\"@type\":\"WebPage\",\"@id\":\"https:\/\/www.wildgall.it\/de\/sommer\/#webpage\",\"url\":\"https:\/\/www.wildgall.it\/de\/sommer\/\",\"name\":\"Sommer - Hotel Anterselva Val Pusteria\",\"isPartOf\":{\"@id\":\"https:\/\/www.wildgall.it\/#website\"},\"datePublished\":\"2016-10-29T08:58:14+00:00\",\"dateModified\":\"2016-11-21T21:40:13+00:00\",\"inLanguage\":\"de-DE\",\"potentialAction\":[{\"@type\":\"ReadAction\",\"target\":[\"https:\/\/www.wildgall.it\/de\/sommer\/\"]}]}]}<\/script>\n<!-- \/ Yoast SEO plugin. -->","_links":{"self":[{"href":"https:\/\/www.wildgall.it\/de\/wp-json\/wp\/v2\/pages\/297"}],"collection":[{"href":"https:\/\/www.wildgall.it\/de\/wp-json\/wp\/v2\/pages"}],"about":[{"href":"https:\/\/www.wildgall.it\/de\/wp-json\/wp\/v2\/types\/page"}],"author":[{"embeddable":true,"href":"https:\/\/www.wildgall.it\/de\/wp-json\/wp\/v2\/users\/2"}],"replies":[{"embeddable":true,"href":"https:\/\/www.wildgall.it\/de\/wp-json\/wp\/v2\/comments?post=297"}],"version-history":[{"count":0,"href":"https:\/\/www.wildgall.it\/de\/wp-json\/wp\/v2\/pages\/297\/revisions"}],"wp:attachment":[{"href":"https:\/\/www.wildgall.it\/de\/wp-json\/wp\/v2\/media?parent=297"}],"curies":[{"name":"wp","href":"https:\/\/api.w.org\/{rel}","templated":true}]}}