{"id":299,"date":"2016-10-29T10:58:26","date_gmt":"2016-10-29T08:58:26","guid":{"rendered":"http:\/\/www.wildgall.it\/de\/inverno\/"},"modified":"2016-11-21T22:33:18","modified_gmt":"2016-11-21T21:33:18","slug":"winter","status":"publish","type":"page","link":"https:\/\/www.wildgall.it\/de\/winter\/","title":{"rendered":"Winter"},"content":{"rendered":"<p><strong>S\u00fcdtirol<\/strong> ist die Heimat der <strong>Skiliebhaber<\/strong>: direkt vor den T\u00fcren des Hotels finden Sie im Winter 60 Kilometer an <strong>Langlaufloipen<\/strong>, die perfekt pr\u00e4pariert sind, es ist kein Zufall, dass das <strong>Antholzertal<\/strong> die Heimat der <strong>Langl\u00e4ufer<\/strong> ist. Wenn Sie <strong>Nordic Walking<\/strong> oder <strong>Schneeschuhe<\/strong> bevorzugen, dann ist dies kein Problem: um das atemberaubende Tal zu entdecken, ben\u00f6tigen Sie nicht unbedingt die Schier.<\/p>\n<p>F\u00fcr die Abfahrtsliebhaber ist der <strong>Dolomiti Superki<\/strong> das Beste das man sich w\u00fcnschen kann: der <strong>Kronplatz<\/strong>, mit seinen 2.275 H\u00f6henmeter, ist gut mit einem kostenlosen Skibus f\u00fcr die Hotelga\u00e4ste, der direkt vor unseren Hotel anh\u00e4lt und die Seilbahnen und Skilifte am Kronplatz anf\u00e4hrt,<\/p>\n<p><strong>Olang<\/strong> und <strong>Bruneck<\/strong> sind in kurzer Zeit erreichbar. Und auf dem Gipfel vom Kronplatz, neben den Anlagen und H\u00fctten, finden Sie das <strong>Mountain Messner Museum Corones<\/strong>, das 2015 er\u00f6ffnet wurde und den traditionellen Bergsteigern gewidmet wurde.<\/p>\n<p>Kennen Sie das <strong>Biathlon<\/strong>? Es ist eine sportliche Disziplin die den Langlauf und Schie\u00dfsport kombiniert. Die bekannte <strong>S\u00fcdtirol Biathlon Arena\u00a0<\/strong>von Antholz ist nur 500 Meter vom Sporthotel Wildgall entfernt: nehmen Sie an den Wettk\u00e4mpfen des <strong>Weltcups Biathlon<\/strong> teil, die sich jedes Jahr im Winter in Antholz austragen werden.<\/p>\n<p>Auch das <strong>Skigebiet Drei Zinnen<\/strong> in den <strong>Sextner Dolomiten<\/strong> ist mit Bus und Zug direkt bis an die <strong>Skipisten<\/strong> erreichbar. Sie erhalten von uns die Mobilcard, mit welcher Sie allen \u00f6ffentlichen Verkehrsmitteln in S\u00fcdtirol kostenlos ben\u00fctzen k\u00f6nnen.<\/p>\n<p>Vergessen Sie nicht den romantischen <strong>Antholzer See<\/strong> der Sie im Winter erwartet und der v\u00f6llig zugefroren ist. Er ist nur 10 Gehminuten von unserem Hotel entfernt. Der drittgr\u00f6\u00dfte See von S\u00fcdtirol stellt einen erholsamen Ort dar, der ideal ist f\u00fcr ruhige und angenehme Spazierg\u00e4nge. Sie k\u00f6nnen in voller Winterpracht den Panoramaweg genie\u00dfen, der erst k\u00fcrzlich er\u00f6ffnet wurde\u00a0 und die Namen der umliegenden <strong>Berggipfel<\/strong> kennen lernen oder Sie k\u00f6nnen einfach die romantische Atmosph\u00e4re genie\u00dfen, die rund um den See herrscht. Die Ruhe wird nur von einem Eichh\u00f6rnchen oder einem Reh das bei Ihnen vorbeigeht gest\u00f6rt!<\/p>\n","protected":false},"excerpt":{"rendered":"<p>S\u00fcdtirol ist die Heimat der Skiliebhaber: direkt vor den T\u00fcren des Hotels finden Sie im Winter 60 Kilometer an Langlaufloipen, die perfekt pr\u00e4pariert sind, es ist kein Zufall, dass das Antholzertal die Heimat der Langl\u00e4ufer ist. Wenn Sie Nordic Walking oder Schneeschuhe bevorzugen, dann ist dies kein Problem: um das atemberaubende Tal zu entdecken, ben\u00f6tigen [&hellip;]<\/p>\n","protected":false},"author":2,"featured_media":0,"parent":0,"menu_order":0,"comment_status":"closed","ping_status":"closed","template":"","meta":[],"acf":[],"yoast_head":"<!-- This site is optimized with the Yoast SEO plugin v15.5 - https:\/\/yoast.com\/wordpress\/plugins\/seo\/ -->\n<meta name=\"description\" content=\"Antholzertal: Skifahren, Langlauf, Kronplatz, Nordic Walking, Schneeschuen, H\u00fctten, Biathlon, Weltcup Biathlon, Dolomiti Superski\" \/>\n<meta name=\"robots\" content=\"index, follow, max-snippet:-1, max-image-preview:large, max-video-preview:-1\" \/>\n<link rel=\"canonical\" href=\"https:\/\/www.wildgall.it\/de\/winter\/\" \/>\n<meta property=\"og:locale\" content=\"de_DE\" \/>\n<meta property=\"og:type\" content=\"article\" \/>\n<meta property=\"og:title\" content=\"Winter aktiv - Hotel Rasen Antholz - Pustertal - S\u00fcdtirol\" \/>\n<meta property=\"og:description\" content=\"Antholzertal: Skifahren, Langlauf, Kronplatz, Nordic Walking, Schneeschuen, H\u00fctten, Biathlon, Weltcup Biathlon, Dolomiti Superski\" \/>\n<meta property=\"og:url\" content=\"https:\/\/www.wildgall.it\/de\/winter\/\" \/>\n<meta property=\"og:site_name\" content=\"Hotel Anterselva Val Pusteria\" \/>\n<meta property=\"article:modified_time\" content=\"2016-11-21T21:33:18+00:00\" \/>\n<meta name=\"twitter:card\" content=\"summary\" \/>\n<meta name=\"twitter:label1\" content=\"Gesch\u00e4tzte Lesezeit\">\n\t<meta name=\"twitter:data1\" content=\"1 minute\">\n<script type=\"application\/ld+json\" class=\"yoast-schema-graph\">{\"@context\":\"https:\/\/schema.org\",\"@graph\":[{\"@type\":\"WebSite\",\"@id\":\"https:\/\/www.wildgall.it\/#website\",\"url\":\"https:\/\/www.wildgall.it\/\",\"name\":\"Hotel Anterselva Val Pusteria\",\"description\":\"\",\"potentialAction\":[{\"@type\":\"SearchAction\",\"target\":\"https:\/\/www.wildgall.it\/?s={search_term_string}\",\"query-input\":\"required name=search_term_string\"}],\"inLanguage\":\"de-DE\"},{\"@type\":\"WebPage\",\"@id\":\"https:\/\/www.wildgall.it\/de\/winter\/#webpage\",\"url\":\"https:\/\/www.wildgall.it\/de\/winter\/\",\"name\":\"Winter aktiv - Hotel Rasen Antholz - Pustertal - S\\u00fcdtirol\",\"isPartOf\":{\"@id\":\"https:\/\/www.wildgall.it\/#website\"},\"datePublished\":\"2016-10-29T08:58:26+00:00\",\"dateModified\":\"2016-11-21T21:33:18+00:00\",\"description\":\"Antholzertal: Skifahren, Langlauf, Kronplatz, Nordic Walking, Schneeschuen, H\\u00fctten, Biathlon, Weltcup Biathlon, Dolomiti Superski\",\"inLanguage\":\"de-DE\",\"potentialAction\":[{\"@type\":\"ReadAction\",\"target\":[\"https:\/\/www.wildgall.it\/de\/winter\/\"]}]}]}<\/script>\n<!-- \/ Yoast SEO plugin. -->","_links":{"self":[{"href":"https:\/\/www.wildgall.it\/de\/wp-json\/wp\/v2\/pages\/299"}],"collection":[{"href":"https:\/\/www.wildgall.it\/de\/wp-json\/wp\/v2\/pages"}],"about":[{"href":"https:\/\/www.wildgall.it\/de\/wp-json\/wp\/v2\/types\/page"}],"author":[{"embeddable":true,"href":"https:\/\/www.wildgall.it\/de\/wp-json\/wp\/v2\/users\/2"}],"replies":[{"embeddable":true,"href":"https:\/\/www.wildgall.it\/de\/wp-json\/wp\/v2\/comments?post=299"}],"version-history":[{"count":0,"href":"https:\/\/www.wildgall.it\/de\/wp-json\/wp\/v2\/pages\/299\/revisions"}],"wp:attachment":[{"href":"https:\/\/www.wildgall.it\/de\/wp-json\/wp\/v2\/media?parent=299"}],"curies":[{"name":"wp","href":"https:\/\/api.w.org\/{rel}","templated":true}]}}