{"id":301,"date":"2016-10-29T10:57:51","date_gmt":"2016-10-29T08:57:51","guid":{"rendered":"http:\/\/www.wildgall.it\/de\/dintorni\/"},"modified":"2016-11-21T22:49:38","modified_gmt":"2016-11-21T21:49:38","slug":"umgebung","status":"publish","type":"page","link":"https:\/\/www.wildgall.it\/de\/umgebung\/","title":{"rendered":"Umgebung"},"content":{"rendered":"<p>Die Stadt <strong>Bruneck<\/strong> mit seiner charakteristischen Altstadt ist nur 25 Kilometer vom Hotel entfernt. Entdecken Sie seine Gesch\u00e4fte, das <strong>Mountain Messner Museum Ripa<\/strong> das dem Volk der Berge gewidmet wurde und den unvergesslichen <strong>Weihnachtsmarkt<\/strong> im Dezember.<\/p>\n<p><strong>Toblach<\/strong>, das ungef\u00e4hr in einer Viertelstunde mit dem Auto erreichbar ist, bietet eine Vielzahl an M\u00f6glichkeiten, darunter den Besuch in der <strong>K\u00e4serei<\/strong> \/ Molkerei die einheimischen K\u00e4se nur mit Milch aus S\u00fcdtirol, und vor allem <strong>Pustertal<\/strong>, herstellt.<\/p>\n<p>Die faszinierende Marktgemeinde <strong>Innichen<\/strong>, die nur weniger als eine halbe Stunde Fahrt entfernt ist, wird Sie mit seinen bunten Schaufenstern, historischen Geb\u00e4uden, dem Hallenbad Acquafun ergreifen.<\/p>\n<p>Wenn Sie sich ein wenig weiter begeben m\u00f6chten, die magische Altstadt von <strong>Brixen<\/strong> erwartet Sie nur 45 Minuten im Auto entfernt. Man kann es im Sommer sowie im Winter entdecken. Dort finden Sie eine Vielzahl an Gesch\u00e4ften und historischen Attraktionen und der <strong>Weihnachtsmarkt<\/strong> ist einer der meistbesuchten in S\u00fcdtirol.<\/p>\n<p><strong>Bozen<\/strong>, die Hauptstadt von S\u00fcdtirol, ist in ein wenig mehr als einer Stunde erreichbar.<\/p>\n<p>Die T\u00e4ler neben dem Antholzertal befinden sich nur wenige Kilometer entfernt und sind ebenso faszinierend: wie zum Beispiel das <strong>Gsiesertal<\/strong> oder das <strong>Ahrntal<\/strong> wo Sie das unvergessliche Klimastollen in Prettau besuchen k\u00f6nnen.<\/p>\n<p><strong>\u00d6sterreich<\/strong> ist au\u00dferdem nur 7 Kilometer von unserem Hotel entfernt. Wenn Sie Richtung Staller Sattel fahren, kommen Sie in weniger als 15 Minuten von 1600 Metern auf 2000 Metern zum <strong>Obersee<\/strong>. \u00a0Dort befindet sich ein See, der Obersee, der zwar kleiner ist als der Antholzer See aber deshalb nicht weniger sehenswert ist.<\/p>\n<p>Lassen Sie sich von der Landschaft und der Vegetation, die sich v\u00f6llig von jener des Antholzertales unterscheidet, \u00fcberraschen.<\/p>\n<p>Der <strong>Pragser WildSee<\/strong>, ebenso faszinierend und ber\u00fchmt durch eine Vielzahl von Fiktionen und TV Filmen, ist in nur 30 Minuten mit dem Auto erreichbar.<\/p>\n<p>Auch die <strong>Sextner Dolomiten<\/strong> und die <strong>Drei Zinnen<\/strong> sind mit Auto wie auch mit den \u00f6ffentlichen Verkehrsmitteln erreichbar.<\/p>\n","protected":false},"excerpt":{"rendered":"<p>Die Stadt Bruneck mit seiner charakteristischen Altstadt ist nur 25 Kilometer vom Hotel entfernt. Entdecken Sie seine Gesch\u00e4fte, das Mountain Messner Museum Ripa das dem Volk der Berge gewidmet wurde und den unvergesslichen Weihnachtsmarkt im Dezember. Toblach, das ungef\u00e4hr in einer Viertelstunde mit dem Auto erreichbar ist, bietet eine Vielzahl an M\u00f6glichkeiten, darunter den Besuch [&hellip;]<\/p>\n","protected":false},"author":2,"featured_media":0,"parent":0,"menu_order":0,"comment_status":"closed","ping_status":"closed","template":"","meta":[],"acf":[],"yoast_head":"<!-- This site is optimized with the Yoast SEO plugin v15.5 - https:\/\/yoast.com\/wordpress\/plugins\/seo\/ -->\n<meta name=\"robots\" content=\"index, follow, max-snippet:-1, max-image-preview:large, max-video-preview:-1\" \/>\n<link rel=\"canonical\" href=\"https:\/\/www.wildgall.it\/de\/umgebung\/\" \/>\n<meta property=\"og:locale\" content=\"de_DE\" \/>\n<meta property=\"og:type\" content=\"article\" \/>\n<meta property=\"og:title\" content=\"Umgebung - Hotel Anterselva Val Pusteria\" \/>\n<meta property=\"og:description\" content=\"Die Stadt Bruneck mit seiner charakteristischen Altstadt ist nur 25 Kilometer vom Hotel entfernt. Entdecken Sie seine Gesch\u00e4fte, das Mountain Messner Museum Ripa das dem Volk der Berge gewidmet wurde und den unvergesslichen Weihnachtsmarkt im Dezember. Toblach, das ungef\u00e4hr in einer Viertelstunde mit dem Auto erreichbar ist, bietet eine Vielzahl an M\u00f6glichkeiten, darunter den Besuch [&hellip;]\" \/>\n<meta property=\"og:url\" content=\"https:\/\/www.wildgall.it\/de\/umgebung\/\" \/>\n<meta property=\"og:site_name\" content=\"Hotel Anterselva Val Pusteria\" \/>\n<meta property=\"article:modified_time\" content=\"2016-11-21T21:49:38+00:00\" \/>\n<meta name=\"twitter:card\" content=\"summary\" \/>\n<meta name=\"twitter:label1\" content=\"Gesch\u00e4tzte Lesezeit\">\n\t<meta name=\"twitter:data1\" content=\"1 minute\">\n<script type=\"application\/ld+json\" class=\"yoast-schema-graph\">{\"@context\":\"https:\/\/schema.org\",\"@graph\":[{\"@type\":\"WebSite\",\"@id\":\"https:\/\/www.wildgall.it\/#website\",\"url\":\"https:\/\/www.wildgall.it\/\",\"name\":\"Hotel Anterselva Val Pusteria\",\"description\":\"\",\"potentialAction\":[{\"@type\":\"SearchAction\",\"target\":\"https:\/\/www.wildgall.it\/?s={search_term_string}\",\"query-input\":\"required name=search_term_string\"}],\"inLanguage\":\"de-DE\"},{\"@type\":\"WebPage\",\"@id\":\"https:\/\/www.wildgall.it\/de\/umgebung\/#webpage\",\"url\":\"https:\/\/www.wildgall.it\/de\/umgebung\/\",\"name\":\"Umgebung - Hotel Anterselva Val Pusteria\",\"isPartOf\":{\"@id\":\"https:\/\/www.wildgall.it\/#website\"},\"datePublished\":\"2016-10-29T08:57:51+00:00\",\"dateModified\":\"2016-11-21T21:49:38+00:00\",\"inLanguage\":\"de-DE\",\"potentialAction\":[{\"@type\":\"ReadAction\",\"target\":[\"https:\/\/www.wildgall.it\/de\/umgebung\/\"]}]}]}<\/script>\n<!-- \/ Yoast SEO plugin. -->","_links":{"self":[{"href":"https:\/\/www.wildgall.it\/de\/wp-json\/wp\/v2\/pages\/301"}],"collection":[{"href":"https:\/\/www.wildgall.it\/de\/wp-json\/wp\/v2\/pages"}],"about":[{"href":"https:\/\/www.wildgall.it\/de\/wp-json\/wp\/v2\/types\/page"}],"author":[{"embeddable":true,"href":"https:\/\/www.wildgall.it\/de\/wp-json\/wp\/v2\/users\/2"}],"replies":[{"embeddable":true,"href":"https:\/\/www.wildgall.it\/de\/wp-json\/wp\/v2\/comments?post=301"}],"version-history":[{"count":0,"href":"https:\/\/www.wildgall.it\/de\/wp-json\/wp\/v2\/pages\/301\/revisions"}],"wp:attachment":[{"href":"https:\/\/www.wildgall.it\/de\/wp-json\/wp\/v2\/media?parent=301"}],"curies":[{"name":"wp","href":"https:\/\/api.w.org\/{rel}","templated":true}]}}