{"id":316,"date":"2016-10-16T19:26:04","date_gmt":"2016-10-16T17:26:04","guid":{"rendered":"http:\/\/www.wildgall.it\/de\/prezzi-invernali\/"},"modified":"2022-01-07T09:03:45","modified_gmt":"2022-01-07T08:03:45","slug":"winter-preise","status":"publish","type":"page","link":"https:\/\/www.wildgall.it\/de\/winter-preise\/","title":{"rendered":"Winterpreise"},"content":{"rendered":"<p>Die Preise verstehen sich pro Tag und Person, \u00dcbernachtung und Fr\u00fchst\u00fcck inklusiv.<\/p>\n<div id=\"pro-main\">\n<div class=\"pro-sheet clearfix\">\n<div class=\"pro-layout-wrapper clearfix\">\n<div class=\"pro-content-layout\">\n<div class=\"pro-content-layout-row\">\n<div class=\"pro-layout-cell pro-content clearfix\">\n<div class=\"item-page\">\n<article class=\"pro-post\">\n<div class=\"pro-postcontent clearfix\">\n<div class=\"pro-article\">\n<p>&nbsp;<\/p>\n<p><strong>Inklusive Leistungen:<\/strong><\/p>\n<ul type=\"square;\">\n<li>Fr\u00fchst\u00fccksbuffet<\/li>\n<li>Gro\u00dfe Liegewiese und Terrasse<\/li>\n<li>Tischtennis<\/li>\n<li>Parkplatz im Freien<\/li>\n<li>Sauna<\/li>\n<li>kostenloser Wi-FI Internetanschluss<\/li>\n<\/ul>\n<p>&nbsp;<\/p>\n<p><strong>Erm\u00e4\u00dfigungen f\u00fcr Kinder und Erwachsene im 3. und 4. Bett:<\/strong><\/p>\n<ul>\n<li>bis 2 Jahre kostenlos<\/li>\n<li>bis 8 Jahre -50%<\/li>\n<li>bis 12 Jahre -30%<\/li>\n<li>ab 12 Jahre -20%<\/li>\n<\/ul>\n<p>&nbsp;<\/p>\n<p><strong>Zuschl\u00e4ge:<\/strong><\/p>\n<ul>\n<li>Halbpension (Salat-B\u00fcffet und Wahlmen\u00fc) &#8211; mit Aufpreis, nach Nachfrage<\/li>\n<li>Doppel als Einzelbenuetzung\u00a0nur nach Nachfrage und mit\u00a0Aufpreis<\/li>\n<li>Bei einem Aufenthalt von weniger als 3 Tagen berechnen wir einen Zuschlag<\/li>\n<\/ul>\n<p>&nbsp;<\/p>\n<\/div>\n<\/div>\n<\/article>\n<\/div>\n<\/div>\n<\/div>\n<\/div>\n<\/div>\n<\/div>\n<\/div>\n","protected":false},"excerpt":{"rendered":"<p>Die Preise verstehen sich pro Tag und Person, \u00dcbernachtung und Fr\u00fchst\u00fcck inklusiv. &nbsp; Inklusive Leistungen: Fr\u00fchst\u00fccksbuffet Gro\u00dfe Liegewiese und Terrasse Tischtennis Parkplatz im Freien Sauna kostenloser Wi-FI Internetanschluss &nbsp; Erm\u00e4\u00dfigungen f\u00fcr Kinder und Erwachsene im 3. und 4. Bett: bis 2 Jahre kostenlos bis 8 Jahre -50% bis 12 Jahre -30% ab 12 Jahre -20% [&hellip;]<\/p>\n","protected":false},"author":1,"featured_media":0,"parent":0,"menu_order":0,"comment_status":"closed","ping_status":"closed","template":"page-templates\/prices.php","meta":[],"acf":[],"yoast_head":"<!-- This site is optimized with the Yoast SEO plugin v15.5 - https:\/\/yoast.com\/wordpress\/plugins\/seo\/ -->\n<meta name=\"description\" content=\"Winter Preise von Zimmern beim Sporthotel Wildgall, hotel in Rasen Antholz - Pustertal - Trentino S\u00fcdtirol\" \/>\n<meta name=\"robots\" content=\"index, follow, max-snippet:-1, max-image-preview:large, max-video-preview:-1\" \/>\n<link rel=\"canonical\" href=\"https:\/\/www.wildgall.it\/de\/winter-preise\/\" \/>\n<meta property=\"og:locale\" content=\"de_DE\" \/>\n<meta property=\"og:type\" content=\"article\" \/>\n<meta property=\"og:title\" content=\"Winterpreise - Sporthotel Wildgall - Rasen Antholz - S\u00fcdtirol\" \/>\n<meta property=\"og:description\" content=\"Winter Preise von Zimmern beim Sporthotel Wildgall, hotel in Rasen Antholz - Pustertal - Trentino S\u00fcdtirol\" \/>\n<meta property=\"og:url\" content=\"https:\/\/www.wildgall.it\/de\/winter-preise\/\" \/>\n<meta property=\"og:site_name\" content=\"Hotel Anterselva Val Pusteria\" \/>\n<meta property=\"article:modified_time\" content=\"2022-01-07T08:03:45+00:00\" \/>\n<meta name=\"twitter:card\" content=\"summary\" \/>\n<meta name=\"twitter:label1\" content=\"Gesch\u00e4tzte Lesezeit\">\n\t<meta name=\"twitter:data1\" content=\"0 minutes\">\n<script type=\"application\/ld+json\" class=\"yoast-schema-graph\">{\"@context\":\"https:\/\/schema.org\",\"@graph\":[{\"@type\":\"WebSite\",\"@id\":\"https:\/\/www.wildgall.it\/#website\",\"url\":\"https:\/\/www.wildgall.it\/\",\"name\":\"Hotel Anterselva Val Pusteria\",\"description\":\"\",\"potentialAction\":[{\"@type\":\"SearchAction\",\"target\":\"https:\/\/www.wildgall.it\/?s={search_term_string}\",\"query-input\":\"required name=search_term_string\"}],\"inLanguage\":\"de-DE\"},{\"@type\":\"WebPage\",\"@id\":\"https:\/\/www.wildgall.it\/de\/winter-preise\/#webpage\",\"url\":\"https:\/\/www.wildgall.it\/de\/winter-preise\/\",\"name\":\"Winterpreise - Sporthotel Wildgall - Rasen Antholz - S\\u00fcdtirol\",\"isPartOf\":{\"@id\":\"https:\/\/www.wildgall.it\/#website\"},\"datePublished\":\"2016-10-16T17:26:04+00:00\",\"dateModified\":\"2022-01-07T08:03:45+00:00\",\"description\":\"Winter Preise von Zimmern beim Sporthotel Wildgall, hotel in Rasen Antholz - Pustertal - Trentino S\\u00fcdtirol\",\"inLanguage\":\"de-DE\",\"potentialAction\":[{\"@type\":\"ReadAction\",\"target\":[\"https:\/\/www.wildgall.it\/de\/winter-preise\/\"]}]}]}<\/script>\n<!-- \/ Yoast SEO plugin. -->","_links":{"self":[{"href":"https:\/\/www.wildgall.it\/de\/wp-json\/wp\/v2\/pages\/316"}],"collection":[{"href":"https:\/\/www.wildgall.it\/de\/wp-json\/wp\/v2\/pages"}],"about":[{"href":"https:\/\/www.wildgall.it\/de\/wp-json\/wp\/v2\/types\/page"}],"author":[{"embeddable":true,"href":"https:\/\/www.wildgall.it\/de\/wp-json\/wp\/v2\/users\/1"}],"replies":[{"embeddable":true,"href":"https:\/\/www.wildgall.it\/de\/wp-json\/wp\/v2\/comments?post=316"}],"version-history":[{"count":0,"href":"https:\/\/www.wildgall.it\/de\/wp-json\/wp\/v2\/pages\/316\/revisions"}],"wp:attachment":[{"href":"https:\/\/www.wildgall.it\/de\/wp-json\/wp\/v2\/media?parent=316"}],"curies":[{"name":"wp","href":"https:\/\/api.w.org\/{rel}","templated":true}]}}