{"id":319,"date":"2016-10-16T20:05:31","date_gmt":"2016-10-16T18:05:31","guid":{"rendered":"http:\/\/www.wildgall.it\/de\/prezzi-estivi\/"},"modified":"2020-06-10T08:53:35","modified_gmt":"2020-06-10T06:53:35","slug":"sommer-preise","status":"publish","type":"page","link":"https:\/\/www.wildgall.it\/de\/sommer-preise\/","title":{"rendered":"Sommerpreise"},"content":{"rendered":"<p>Die Preise verstehen sich pro Tag und Person, \u00dcbernachtung und Fr\u00fchst\u00fcck inklusiv.<\/p>\n<div id=\"pro-main\">\n<div class=\"pro-sheet clearfix\">\n<div class=\"pro-layout-wrapper clearfix\">\n<div class=\"pro-content-layout\">\n<div class=\"pro-content-layout-row\">\n<div class=\"pro-layout-cell pro-content clearfix\">\n<div class=\"item-page\">\n<article class=\"pro-post\">\n<div class=\"pro-postcontent clearfix\">\n<div class=\"pro-article\">\n<p><strong>Inklusive Leistungen:<\/strong><\/p>\n<ul type=\"square;\">\n<li>Fr\u00fchst\u00fcck<\/li>\n<li>Gro\u00dfe Liegewiese und Terrasse<\/li>\n<li>Tischtennis<\/li>\n<li>Parkplatz im Freien<\/li>\n<li>Sauna<\/li>\n<li>kostenloser Wi-FI Internetanschluss<\/li>\n<\/ul>\n<p><strong>Erm\u00e4\u00dfigungen f\u00fcr Kinder und Erwachsene im 3. und 4. Bett:<\/strong><\/p>\n<ul>\n<li>bis 2 Jahre kostenlos<\/li>\n<li>bis 8 Jahre -50%<\/li>\n<li>bis 12 Jahre -30%<\/li>\n<li>ab 12 Jahre -20%<\/li>\n<\/ul>\n<p><strong>Zuschl\u00e4ge:<\/strong><\/p>\n<ul>\n<li>Halbpension (leckeres Men<span style=\"display: inline !important; float: none; background-color: #ffffff; color: #333333; cursor: text; font-family: Georgia,'Times New Roman','Bitstream Charter',Times,serif; font-size: 16px; font-style: normal; font-variant: normal; font-weight: 400; letter-spacing: normal; orphans: 2; text-align: left; text-decoration: none; text-indent: 0px; text-transform: none; -webkit-text-stroke-width: 0px; white-space: normal; word-spacing: 0px;\">\u00fc<\/span>) mit kleinem Aufpreis nach Nachfrage<\/li>\n<li>Doppel als Einzelbenuetzung\u00a0nur nach Nachfrage und mit\u00a0Aufpreis<\/li>\n<li>Bei einem Aufenthalt von weniger als 3 Tagen berechnen wir einen Zuschlag<\/li>\n<\/ul>\n<\/div>\n<\/div>\n<\/article>\n<\/div>\n<\/div>\n<\/div>\n<\/div>\n<\/div>\n<\/div>\n<\/div>\n","protected":false},"excerpt":{"rendered":"<p>Die Preise verstehen sich pro Tag und Person, \u00dcbernachtung und Fr\u00fchst\u00fcck inklusiv. Inklusive Leistungen: Fr\u00fchst\u00fcck Gro\u00dfe Liegewiese und Terrasse Tischtennis Parkplatz im Freien Sauna kostenloser Wi-FI Internetanschluss Erm\u00e4\u00dfigungen f\u00fcr Kinder und Erwachsene im 3. und 4. Bett: bis 2 Jahre kostenlos bis 8 Jahre -50% bis 12 Jahre -30% ab 12 Jahre -20% Zuschl\u00e4ge: Halbpension [&hellip;]<\/p>\n","protected":false},"author":1,"featured_media":0,"parent":0,"menu_order":0,"comment_status":"closed","ping_status":"closed","template":"page-templates\/prices2.php","meta":[],"acf":[],"yoast_head":"<!-- This site is optimized with the Yoast SEO plugin v15.5 - https:\/\/yoast.com\/wordpress\/plugins\/seo\/ -->\n<meta name=\"description\" content=\"Sommer Preise von Zimmern beim Sporthotel Wildgall. Hotel in Rasen Antholz - Antholzertal - Pustertal - S\u00fcdtirol - Dolomiten\" \/>\n<meta name=\"robots\" content=\"index, follow, max-snippet:-1, max-image-preview:large, max-video-preview:-1\" \/>\n<link rel=\"canonical\" href=\"https:\/\/www.wildgall.it\/de\/sommer-preise\/\" \/>\n<meta property=\"og:locale\" content=\"de_DE\" \/>\n<meta property=\"og:type\" content=\"article\" \/>\n<meta property=\"og:title\" content=\"Sommerpreise - Hotel Rasen Antholz - Antholzertal - S\u00fcdtirol\" \/>\n<meta property=\"og:description\" content=\"Sommer Preise von Zimmern beim Sporthotel Wildgall. Hotel in Rasen Antholz - Antholzertal - Pustertal - S\u00fcdtirol - Dolomiten\" \/>\n<meta property=\"og:url\" content=\"https:\/\/www.wildgall.it\/de\/sommer-preise\/\" \/>\n<meta property=\"og:site_name\" content=\"Hotel Anterselva Val Pusteria\" \/>\n<meta property=\"article:modified_time\" content=\"2020-06-10T06:53:35+00:00\" \/>\n<meta name=\"twitter:card\" content=\"summary\" \/>\n<meta name=\"twitter:label1\" content=\"Gesch\u00e4tzte Lesezeit\">\n\t<meta name=\"twitter:data1\" content=\"0 minutes\">\n<script type=\"application\/ld+json\" class=\"yoast-schema-graph\">{\"@context\":\"https:\/\/schema.org\",\"@graph\":[{\"@type\":\"WebSite\",\"@id\":\"https:\/\/www.wildgall.it\/#website\",\"url\":\"https:\/\/www.wildgall.it\/\",\"name\":\"Hotel Anterselva Val Pusteria\",\"description\":\"\",\"potentialAction\":[{\"@type\":\"SearchAction\",\"target\":\"https:\/\/www.wildgall.it\/?s={search_term_string}\",\"query-input\":\"required name=search_term_string\"}],\"inLanguage\":\"de-DE\"},{\"@type\":\"WebPage\",\"@id\":\"https:\/\/www.wildgall.it\/de\/sommer-preise\/#webpage\",\"url\":\"https:\/\/www.wildgall.it\/de\/sommer-preise\/\",\"name\":\"Sommerpreise - Hotel Rasen Antholz - Antholzertal - S\\u00fcdtirol\",\"isPartOf\":{\"@id\":\"https:\/\/www.wildgall.it\/#website\"},\"datePublished\":\"2016-10-16T18:05:31+00:00\",\"dateModified\":\"2020-06-10T06:53:35+00:00\",\"description\":\"Sommer Preise von Zimmern beim Sporthotel Wildgall. Hotel in Rasen Antholz - Antholzertal - Pustertal - S\\u00fcdtirol - Dolomiten\",\"inLanguage\":\"de-DE\",\"potentialAction\":[{\"@type\":\"ReadAction\",\"target\":[\"https:\/\/www.wildgall.it\/de\/sommer-preise\/\"]}]}]}<\/script>\n<!-- \/ Yoast SEO plugin. -->","_links":{"self":[{"href":"https:\/\/www.wildgall.it\/de\/wp-json\/wp\/v2\/pages\/319"}],"collection":[{"href":"https:\/\/www.wildgall.it\/de\/wp-json\/wp\/v2\/pages"}],"about":[{"href":"https:\/\/www.wildgall.it\/de\/wp-json\/wp\/v2\/types\/page"}],"author":[{"embeddable":true,"href":"https:\/\/www.wildgall.it\/de\/wp-json\/wp\/v2\/users\/1"}],"replies":[{"embeddable":true,"href":"https:\/\/www.wildgall.it\/de\/wp-json\/wp\/v2\/comments?post=319"}],"version-history":[{"count":0,"href":"https:\/\/www.wildgall.it\/de\/wp-json\/wp\/v2\/pages\/319\/revisions"}],"wp:attachment":[{"href":"https:\/\/www.wildgall.it\/de\/wp-json\/wp\/v2\/media?parent=319"}],"curies":[{"name":"wp","href":"https:\/\/api.w.org\/{rel}","templated":true}]}}